{"id":8028,"date":"2018-12-10T03:06:47","date_gmt":"2018-12-10T03:06:47","guid":{"rendered":"http:\/\/travelhotel.wpengine.com\/?page_id=8028"},"modified":"2021-07-04T10:06:02","modified_gmt":"2021-07-04T14:06:02","slug":"about-us","status":"publish","type":"page","link":"https:\/\/bluecasas.com\/es\/about-us\/","title":{"rendered":"Sobre nosotros"},"content":{"rendered":"<div class=\"vc_row wpb_row st bg-holder\"><div class='container'><div class='row'>\n\t<div class=\"wpb_column column_container col-md-12\"><div class=\"vc_column-inner wpb_wrapper\">\n\t\t\t<div class=\"vc_empty_space\"   style=\"height: 60px\"><span class=\"vc_empty_space_inner\"><\/span><\/div>\n\t<div class=\"wpb_text_column wpb_content_element  st-aboutus-content\" >\n\t\t<div class=\"wpb_wrapper\">\n\t\t\t<p>Blue Casas es una nueva empresa de medios y marketing en l\u00ednea con sede en Rep\u00fablica Dominicana que se enfoca en agilizar la experiencia de viajeros, inquilinos y compradores de viviendas nuevas de otros pa\u00edses. Gracias a nuestra experiencia como anfitriones, propietarios y viajeros, pudimos crear una plataforma avanzada; hecho desde cero para resolver los puntos d\u00e9biles de los viajeros sin perder tiempo, dinero o energ\u00eda.<\/p>\n<p>El modelo de negocio de Blue Casas se basa en procesos probados, investigaci\u00f3n de mercado y una plataforma en la nube de alta tecnolog\u00eda e incomparable.<\/p>\n<p><span style=\"text-decoration: underline;\"><strong>Para inversores, compradores potenciales de vivienda e inquilinos a largo plazo<\/strong><\/span>, La plataforma de Blue Casas resuelve el miedo a la incertidumbre de precios y las fluctuaciones de precios irrazonables que surgen al invertir o comprar un producto \/ servicio en otro pa\u00eds.<\/p>\n<p><span style=\"text-decoration: underline;\"><strong>Para propietarios<\/strong><\/span>, Blue Casas adopta un enfoque de modelo de franquicia para cada servicio ofrecido. Ayudamos a cada propietario a analizar y alcanzar su m\u00e1ximo potencial de mercado al proporcionar conocimientos de consulta, herramientas, sistemas y equipos necesarios para brindar a los hu\u00e9spedes experiencias consistentes de 5 estrellas. Si en cambio lo que quieres es vender tu casa, Blue Casas tambi\u00e9n puede ayudarte con eso. Contamos con un equipo de expertos que comercializar\u00e1n su hogar a nivel nacional e internacional para encontrar el comprador perfecto, \u00a1R\u00c1PIDO!<\/p>\n<p><span style=\"text-decoration: underline;\"><strong>Para hu\u00e9spedes de alquiler a corto plazo<\/strong><\/span>, la plataforma fue dise\u00f1ada para garantizar una experiencia fluida y real desde la pre-reserva hasta el post-pago con nuestro servicio de conserjer\u00eda VIP. Nuestro conserje VIP ha negociado previamente tarifas para numerosos productos y servicios con precios iniciales. El precio que ves es el precio que pagas. \u00a1No hay negocios divertidos!<\/p>\n<p>Los viajeros tambi\u00e9n pueden estar tranquilos de que cada propiedad encontrada en BlueCasas.com ha sido verificada para seguir nuestro protocolo de seguridad y mantener un nivel de calidad; de lo contrario, corren el riesgo de ser desconectados de nuestra plataforma. Todas estas medidas est\u00e1n orientadas a garantizar que nuestros clientes tengan grandes experiencias desde el momento en que hacen clic en nuestro sitio web y despu\u00e9s de cada transacci\u00f3n. Mejoramos constantemente a trav\u00e9s de los comentarios de los clientes y seguimos las tendencias inmobiliarias en curso.<\/p>\n\n\t\t<\/div>\n\t<\/div>\n<\/div>\n\t<\/div> \n<\/div><!--End .row--><\/div><!--End .container--><\/div><div data-vc-full-width=\"true\" data-vc-full-width-init=\"false\" data-vc-stretch-content=\"true\" class=\"vc_row wpb_row st bg-holder vc_row-no-padding\"><div class='container-fluid'> <div class='row'>\n\t<div class=\"wpb_column column_container col-md-12 vc_custom_1543386510262\"><div class=\"vc_column-inner wpb_wrapper\">\n\t\t\t<div class=\"st-aboutus-gallery\">\r\n            <div class=\"st-flickity st-gallery\">\r\n            <div class=\"carousel\"\r\n                 data-flickity='{ \"wrapAround\": true, \"pageDots\": true , \"autoPlay\" : true}'>\r\n                                    <div class=\"item\" style=\"background-image: url('https:\/\/bluecasas.com\/wp-content\/uploads\/wqh2fmqy8xjv7xoblatc.jpg')\"><\/div>\r\n                                        <div class=\"item\" style=\"background-image: url('https:\/\/bluecasas.com\/wp-content\/uploads\/cxoshy2epugilksfer3n.jpg')\"><\/div>\r\n                                        <div class=\"item\" style=\"background-image: url('https:\/\/bluecasas.com\/wp-content\/uploads\/uzewpmywahgdqq65e9hh.jpg')\"><\/div>\r\n                                        <div class=\"item\" style=\"background-image: url('https:\/\/bluecasas.com\/wp-content\/uploads\/cabarete-andrey-prokhorov-scaled.webp')\"><\/div>\r\n                                        <div class=\"item\" style=\"background-image: url('https:\/\/bluecasas.com\/wp-content\/uploads\/puerto-plata-gettyimages-valio84sl-scaled.webp')\"><\/div>\r\n                                        <div class=\"item\" style=\"background-image: url('https:\/\/bluecasas.com\/wp-content\/uploads\/leonardo-rossatti-poster-home.webp')\"><\/div>\r\n                                <\/div>\r\n            <div class=\"slogan\">\r\n                <h4>La vida en Blue Casas<\/h4>\r\n                                        <a href=\"https:\/\/jobs.bluecasas.com\/jobs\/careers\" target=\"_blank\" class=\"btn btn-primary\">Unete a nuestro equipo<\/a>\r\n                                <\/div>\r\n        <\/div>\r\n    <\/div>\r\n<\/div>\n\t<\/div> \n<\/div><!--End .row--><\/div><!--End .container--><\/div><div class=\"vc_row-full-width vc_clearfix\"><\/div>","protected":false},"excerpt":{"rendered":"Blue Casas is a new online marketing and media company based in the Dominican Republic that focuses on streamlining the experience of travelers, renters, and new home buyers from other countries. Thanks to our experience as hosts, homeowners, and travelers, we were able to create an advanced platform; made from the ground up to solve [...]","protected":false},"author":1,"featured_media":9183,"parent":0,"menu_order":0,"comment_status":"closed","ping_status":"closed","template":"template-home-modern.php","meta":{"slim_seo":{"title":"About Us - Blue Casas","description":""},"footnotes":""},"class_list":["post-8028","page","type-page","status-publish","has-post-thumbnail","hentry"],"_links":{"self":[{"href":"https:\/\/bluecasas.com\/es\/wp-json\/wp\/v2\/pages\/8028","targetHints":{"allow":["GET"]}}],"collection":[{"href":"https:\/\/bluecasas.com\/es\/wp-json\/wp\/v2\/pages"}],"about":[{"href":"https:\/\/bluecasas.com\/es\/wp-json\/wp\/v2\/types\/page"}],"author":[{"embeddable":true,"href":"https:\/\/bluecasas.com\/es\/wp-json\/wp\/v2\/users\/1"}],"replies":[{"embeddable":true,"href":"https:\/\/bluecasas.com\/es\/wp-json\/wp\/v2\/comments?post=8028"}],"version-history":[{"count":0,"href":"https:\/\/bluecasas.com\/es\/wp-json\/wp\/v2\/pages\/8028\/revisions"}],"wp:featuredmedia":[{"embeddable":true,"href":"https:\/\/bluecasas.com\/es\/wp-json\/"}],"wp:attachment":[{"href":"https:\/\/bluecasas.com\/es\/wp-json\/wp\/v2\/media?parent=8028"}],"curies":[{"name":"wp","href":"https:\/\/api.w.org\/{rel}","templated":true}]}}